{"id":1194,"date":"2017-04-12T05:34:32","date_gmt":"2017-04-12T05:34:32","guid":{"rendered":"http:\/\/www.indexartcenter.org\/?page_id=1194"},"modified":"2017-04-14T17:51:35","modified_gmt":"2017-04-14T17:51:35","slug":"installation-monitor-3","status":"publish","type":"page","link":"http:\/\/www.indexartcenter.org\/?page_id=1194","title":{"rendered":"INSTALLATION MONITOR"},"content":{"rendered":"<p><img loading=\"lazy\" decoding=\"async\" class=\"alignnone size-full wp-image-1132\" src=\"http:\/\/www.indexartcenter.org\/wp-content\/uploads\/2017\/01\/filmideo-clapper-2017.jpg\" alt=\"filmideo clapper 2017\" width=\"851\" height=\"315\" srcset=\"http:\/\/www.indexartcenter.org\/wp-content\/uploads\/2017\/01\/filmideo-clapper-2017.jpg 851w, http:\/\/www.indexartcenter.org\/wp-content\/uploads\/2017\/01\/filmideo-clapper-2017-300x111.jpg 300w, http:\/\/www.indexartcenter.org\/wp-content\/uploads\/2017\/01\/filmideo-clapper-2017-768x284.jpg 768w\" sizes=\"auto, (max-width: 851px) 100vw, 851px\" \/><\/p>\n<p>&nbsp;<\/p>\n<p>&nbsp;<\/p>\n<p>The Installation monitor will be playing selected works starting at 1pm on Saturday, April 29 continuously throughout the day and evening.<\/p>\n<p><strong>Thomas Kyhn Rovsing Hj\u00f8rnet<\/strong> &#8211; <em>The History of Religion <\/em>&#8211; Copenhagen, Denmark<\/p>\n<p><strong>Heidi H. Wettach and Leanna Grennan<\/strong> &#8211; <em>SOUND and BODY <\/em>&#8211; Newark \/ Brooklyn<\/p>\n<p><strong>Lowell Craig and Colleen Gutwein<\/strong> <em>&#8211; untitled <\/em>&#8211; Newark, NJ<\/p>\n<p><strong>Billy Sims<\/strong> \u2013 <em>Four Building Scan TV Tube <\/em>&#8211; Chicago, IL<\/p>\n<p><strong>Manasak Khlongchainan<\/strong> &#8211; <em>VR<\/em> &#8211; Bangkok, Thailand<\/p>\n<p><strong>Anouska Samms &amp; Sofia Pancucci<\/strong>&#8211;<strong>McQueen<\/strong> &#8211; <em>The Baths<\/em>, UK<\/p>\n<p><strong>Myriam Thyes &#8211; <\/strong><em>SMART PANTHEON <\/em>&#8211; Dusseldorf, Germany<\/p>\n<p><strong>Marie-France Giraudon <\/strong>&#8211; <em>entro(SCO)py <\/em>&#8211; Montreal, Canada<\/p>\n<p><strong>Lyla Rye<\/strong> &#8211; <em>Overshadow<\/em> &#8211; Toronto, Canada<\/p>\n<p><strong>John Mutter<\/strong> &#8211; <em>How To Protect What Is Important To You<\/em> &#8211; Canada<\/p>\n<p><strong>Toban Nichols<\/strong> <em>&#8211; Saturnine Tassajara<\/em> &#8211; Los Angeles, CA<\/p>\n<p><strong>Cugeeno Benatti<\/strong> &#8211; <em>Memories Still Exist in the Practice of a Fading Repetition<\/em> \u2013 Berlin, Germany<\/p>\n<p><strong>Joe Waks.com<\/strong> &#8211; <em>majeste americain<\/em>&#8211; Bayonne, NJ<\/p>\n<p><strong>Di HU<\/strong> &#8211; <em>Passage<\/em> &#8211; Shanghai, China<\/p>\n<p><strong>Ana Barroso<\/strong> \u2013 <em>TRANSITIONS<\/em> \u2013 Portugal<\/p>\n<p><strong>Katie Cercone<\/strong> &#8211; <em>SOLARA Saturnalia (Kawaii KALi REDUX)<\/em> &#8211; NY<\/p>\n<p><strong>Isabelle Arvers<\/strong> &#8211; <em>Heroic_Makers_vs_Heroic_Land<\/em> \u2013 France<\/p>\n<p><strong>Christian Niccoli<\/strong> &#8211; <em>DU BEI MIR<\/em> &#8211; Berlin, Germany<\/p>\n<p><strong>Gwendoline Pouchoulin<\/strong> &#8211; <em>What Material Are Dreams Made Of (Part 3)<\/em> &#8211; French based in Oakland CA<\/p>\n<p><strong>Lin Li<\/strong>\u00a0&#8211; <em>Fragments of Peace<\/em> &#8211; Hong Kong but now a British citizen residing in Scotland<\/p>\n<p><strong>Martin Sulzer<\/strong> &#8211; <em>KING JAMES VERSION GENESIS CHAPTER NINETEEN<\/em> &#8211; Berlin Germany<\/p>\n<p><strong>Michelle Mantsio<\/strong> \u2013 <em>Two Brothers<\/em> &#8211; Melbourne, Australia<\/p>\n<p><strong>Cong Yao<\/strong> &#8211; <em>The Soliloquy in the Air <\/em>\u2013 UK<\/p>\n<p><strong>Gabin Cortez Chance<\/strong> &#8211; <em>Do Americans Dream of Being Electric Sheep <\/em>\u2013 MA<\/p>\n<p><strong>Gabrielle Lenhard<\/strong> &#8211; <em>Rude Ink &#8211; Threesome <\/em>\u2013 Brooklyn<\/p>\n<p><strong>Gary Zhexi Zhang<\/strong> &#8211; <em>The Kernel Process <\/em>\u2013 UK<\/p>\n<p><strong>Elliot Storey<\/strong> &#8211; <em>The Lovers <\/em>\u2013 France<\/p>\n<p><strong>Katina Bitsicas<\/strong> &#8211; <em>She Wanted To Change the World <\/em>&#8211; Columbia, MO<\/p>\n<p><strong>Damian Lintell-Smith<\/strong> &#8211; <em>Glitch in E Minor <\/em>&#8211; London, UK<\/p>\n<p><strong>Chachee Valentine<\/strong> <em>&#8211; La Flamme <\/em>&#8211; Atlanta, GA<\/p>\n<p><strong>Zlatko Cosic, Eleanor Dubinsky and Laura Ferro<\/strong> &#8211; <em>SHIFTED<\/em> \u2013 Yuoslavia\/USA<\/p>\n<p><strong>Irene Del Maestro<\/strong> &#8211; <em>Sesi\u00f3n de Sonidos y Susurros<\/em> &#8211; Bologna, Italy<\/p>\n<p><strong>Amy Roberts<\/strong> &#8211; <em>C.A.T<\/em> \u2013 UK<\/p>\n<p><strong>James Brendan Williams<\/strong> &#8211; <em>How to Disappear in America<\/em> &#8211; San Francisco, CA<\/p>\n<p><strong>Christin Bolewski<\/strong> &#8211; <em>Shizen-Natural<\/em> \u2013 Germany<\/p>\n<p><strong>Katie Cercone<\/strong> &#8211; <em>Swagophilia&#8217;s $ong of Fleshy Wind<\/em> \u2013 NY<\/p>\n<p><strong>Roland Kranz<\/strong> \u2013 <em>Oeffnen Progressive<\/em> &#8211; Wendlingen, Germany<\/p>\n<p><strong>Katya Grokhovsky<\/strong> &#8211; <em>Status Update<\/em> &#8211; Born in Ukraine, raised in Australia, based in Brooklyn, NYC<\/p>\n<p><strong>Diego Faskner Silveira<\/strong> &#8211; <em>Nuvem Bola de Est\u00e1tica com M\u00e1quina de Press\u00e3o BW<\/em> \u2013 Brasil<\/p>\n<p><strong>Jessica Tsang<\/strong> &#8211; <em>World&#8217;s Fastest Violinist<\/em> &#8211; UK \/ Malaysia<\/p>\n<p><strong>Camila Marchon<\/strong> &#8211; <em>Explos\u00e3o<\/em> \u2013 Brazil<\/p>\n<p><strong>Vishal Kumaraswamy<\/strong> &#8211; <em>Ddoes Anyone Know What&#8217;s Going On<\/em> \u2013 India<\/p>\n<p><strong>Tina \u0160ulc<\/strong> &#8211; <em>Messy Flow<\/em> \u2013 Ljubljana<\/p>\n<p><strong>Ingrid Verweijen<\/strong> &#8211; <em>Cover of Cover of Adele Rolling in the Deep Nichole 337<\/em> &#8211;\u00a0 Netherlands<\/p>\n<p><strong>Gabriela Dumitrescu <\/strong>&#8211; <em>Blue-Nigredo<\/em> \u2013 Germany<\/p>\n<p><strong>Barry Whittaker<\/strong> &#8211; <em>Cowboys and Samurai<\/em> \u2013 OH<\/p>\n<p><strong>Milan Zulic<\/strong> &#8211; <em>The Circle of life<\/em> \u2013 Serbia<\/p>\n<p><strong>Johanna Evans-Colley<\/strong> &#8211; <em>Untitled View #2<\/em> \u00a0\u2013 Brooklyn<\/p>\n<p><strong>Johannes Christopher G\u00e9rard<\/strong> &#8211; <em>Sorrow<\/em> &#8211; Germany and Netherlands<\/p>\n<p><strong>Marisa Finos<\/strong> &#8211; <em>Vessel<\/em> \u2013 MA<\/p>\n<p><strong>Rodney Reyes<\/strong> &#8211; <em>Snow Lea<\/em> \u2013 Newark<\/p>\n<p><strong>Jade Chorkularb<\/strong> &#8211; <em>Anicca<\/em> &#8211; Thailand London based artist<\/p>\n<p><strong>Jody Zellen<\/strong> &#8211; <em>Life Fragments<\/em> &#8211; Santa Monica, CA<\/p>\n<p><strong>Tracy Miller-Robbins<\/strong> &#8211; <em>Strange Neighbours<\/em> &#8211; OH<\/p>\n<p>&nbsp;<\/p>\n","protected":false},"excerpt":{"rendered":"<p>&nbsp; &nbsp; The Installation monitor will be playing selected works starting at 1pm on Saturday, April 29 continuously throughout the day and evening. Thomas Kyhn Rovsing Hj\u00f8rnet &#8211; The History of Religion &#8211; Copenhagen, Denmark Heidi H. Wettach and Leanna Grennan &#8211; SOUND and BODY &#8211; Newark \/ Brooklyn Lowell Craig and Colleen Gutwein &#8211; &hellip; <a href=\"http:\/\/www.indexartcenter.org\/?page_id=1194\" class=\"more-link\">Continue reading <span class=\"screen-reader-text\">INSTALLATION MONITOR<\/span> <span class=\"meta-nav\">&rarr;<\/span><\/a><\/p>\n","protected":false},"author":1,"featured_media":0,"parent":0,"menu_order":0,"comment_status":"closed","ping_status":"closed","template":"","meta":{"footnotes":""},"class_list":["post-1194","page","type-page","status-publish","hentry"],"_links":{"self":[{"href":"http:\/\/www.indexartcenter.org\/index.php?rest_route=\/wp\/v2\/pages\/1194","targetHints":{"allow":["GET"]}}],"collection":[{"href":"http:\/\/www.indexartcenter.org\/index.php?rest_route=\/wp\/v2\/pages"}],"about":[{"href":"http:\/\/www.indexartcenter.org\/index.php?rest_route=\/wp\/v2\/types\/page"}],"author":[{"embeddable":true,"href":"http:\/\/www.indexartcenter.org\/index.php?rest_route=\/wp\/v2\/users\/1"}],"replies":[{"embeddable":true,"href":"http:\/\/www.indexartcenter.org\/index.php?rest_route=%2Fwp%2Fv2%2Fcomments&post=1194"}],"version-history":[{"count":9,"href":"http:\/\/www.indexartcenter.org\/index.php?rest_route=\/wp\/v2\/pages\/1194\/revisions"}],"predecessor-version":[{"id":1230,"href":"http:\/\/www.indexartcenter.org\/index.php?rest_route=\/wp\/v2\/pages\/1194\/revisions\/1230"}],"wp:attachment":[{"href":"http:\/\/www.indexartcenter.org\/index.php?rest_route=%2Fwp%2Fv2%2Fmedia&parent=1194"}],"curies":[{"name":"wp","href":"https:\/\/api.w.org\/{rel}","templated":true}]}}